{"id":197,"date":"2023-05-09T21:14:42","date_gmt":"2023-05-10T00:14:42","guid":{"rendered":"https:\/\/fingerdesenvolvimento2.com.br\/emibra\/?page_id=197"},"modified":"2023-11-29T17:14:10","modified_gmt":"2023-11-29T20:14:10","slug":"registro-de-nao-conformidade","status":"publish","type":"page","link":"https:\/\/emibra.com.br\/en\/registro-de-nao-conformidade\/","title":{"rendered":"Non-compliance record"},"content":{"rendered":"<div data-elementor-type=\"wp-page\" data-elementor-id=\"197\" class=\"elementor elementor-197\" data-elementor-post-type=\"page\">\n\t\t\t\t\t\t<section class=\"elementor-section elementor-top-section elementor-element elementor-element-6549857 elementor-section-boxed elementor-section-height-default elementor-section-height-default\" data-id=\"6549857\" data-element_type=\"section\" data-e-type=\"section\" data-settings=\"{&quot;background_background&quot;:&quot;classic&quot;}\">\n\t\t\t\t\t\t\t<div class=\"elementor-background-overlay\"><\/div>\n\t\t\t\t\t\t\t<div class=\"elementor-container elementor-column-gap-default\">\n\t\t\t\t\t<div class=\"elementor-column elementor-col-100 elementor-top-column elementor-element elementor-element-d3b72ce\" data-id=\"d3b72ce\" data-element_type=\"column\" data-e-type=\"column\">\n\t\t\t<div class=\"elementor-widget-wrap elementor-element-populated\">\n\t\t\t\t\t\t<section class=\"elementor-section elementor-inner-section elementor-element elementor-element-0d472ab elementor-section-boxed elementor-section-height-default elementor-section-height-default\" data-id=\"0d472ab\" data-element_type=\"section\" data-e-type=\"section\">\n\t\t\t\t\t\t<div class=\"elementor-container elementor-column-gap-default\">\n\t\t\t\t\t<div class=\"elementor-column elementor-col-33 elementor-inner-column elementor-element elementor-element-6e30380\" data-id=\"6e30380\" data-element_type=\"column\" data-e-type=\"column\">\n\t\t\t<div class=\"elementor-widget-wrap\">\n\t\t\t\t\t\t\t<\/div>\n\t\t<\/div>\n\t\t\t\t<div class=\"elementor-column elementor-col-33 elementor-inner-column elementor-element elementor-element-65fcb97\" data-id=\"65fcb97\" data-element_type=\"column\" data-e-type=\"column\" data-settings=\"{&quot;background_background&quot;:&quot;classic&quot;}\">\n\t\t\t<div class=\"elementor-widget-wrap elementor-element-populated\">\n\t\t\t\t\t\t<div class=\"elementor-element elementor-element-db66e21 elementor-widget elementor-widget-heading\" data-id=\"db66e21\" data-element_type=\"widget\" data-e-type=\"widget\" data-widget_type=\"heading.default\">\n\t\t\t\t<div class=\"elementor-widget-container\">\n\t\t\t\t\t<h2 class=\"elementor-heading-title elementor-size-default\">non-compliance record<\/h2>\t\t\t\t<\/div>\n\t\t\t\t<\/div>\n\t\t\t\t<div class=\"elementor-element elementor-element-b39e0e1 elementor-widget elementor-widget-text-editor\" data-id=\"b39e0e1\" data-element_type=\"widget\" data-e-type=\"widget\" data-widget_type=\"text-editor.default\">\n\t\t\t\t<div class=\"elementor-widget-container\">\n\t\t\t\t\t\t\t\t\t<p>N\u00f3s valorizamos muito o feedback de nossos clientes e colaboradores, pois sabemos que \u00e9 atrav\u00e9s dele que podemos aprimorar nossos produtos e servi\u00e7os. Por isso, encorajamos voc\u00ea a utilizar este formul\u00e1rio para registrar qualquer problema ou inconformidade que tenha identificado.<\/p>\t\t\t\t\t\t\t\t<\/div>\n\t\t\t\t<\/div>\n\t\t\t\t<div class=\"elementor-element elementor-element-fadacbe elementor-widget elementor-widget-shortcode\" data-id=\"fadacbe\" data-element_type=\"widget\" data-e-type=\"widget\" data-widget_type=\"shortcode.default\">\n\t\t\t\t<div class=\"elementor-widget-container\">\n\t\t\t\t\t\t\t<div class=\"elementor-shortcode\">\n<div class=\"wpcf7 no-js\" id=\"wpcf7-f4577-o1\" lang=\"pt-BR\" dir=\"ltr\" data-wpcf7-id=\"4577\">\n<div class=\"screen-reader-response\"><p role=\"status\" aria-live=\"polite\" aria-atomic=\"true\"><\/p> <ul><\/ul><\/div>\n<form action=\"\/en\/wp-json\/wp\/v2\/pages\/197#wpcf7-f4577-o1\" method=\"post\" class=\"wpcf7-form init\" aria-label=\"Formul\u00e1rios de contato\" enctype=\"multipart\/form-data\" novalidate=\"novalidate\" data-status=\"init\" data-trp-original-action=\"\/en\/wp-json\/wp\/v2\/pages\/197#wpcf7-f4577-o1\">\n<fieldset class=\"hidden-fields-container\"><input type=\"hidden\" name=\"_wpcf7\" value=\"4577\" \/><input type=\"hidden\" name=\"_wpcf7_version\" value=\"6.1.5\" \/><input type=\"hidden\" name=\"_wpcf7_locale\" value=\"pt_BR\" \/><input type=\"hidden\" name=\"_wpcf7_unit_tag\" value=\"wpcf7-f4577-o1\" \/><input type=\"hidden\" name=\"_wpcf7_container_post\" value=\"0\" \/><input type=\"hidden\" name=\"_wpcf7_posted_data_hash\" value=\"\" \/>\n<\/fieldset>\n<div class=\"projetos-form\">\n\t<p><label>Full name*<\/label><br \/>\n<span class=\"wpcf7-form-control-wrap\" data-name=\"NomeContato\"><input size=\"40\" maxlength=\"400\" class=\"wpcf7-form-control wpcf7-text wpcf7-validates-as-required nomecontato\" aria-required=\"true\" aria-invalid=\"false\" placeholder=\"Digite seu nome*\" value=\"\" type=\"text\" name=\"NomeContato\" \/><\/span>\n\t<\/p>\n\t<p><label>Company Name*<\/label><br \/>\n<span class=\"wpcf7-form-control-wrap\" data-name=\"NomeEmpresa\"><input size=\"40\" maxlength=\"400\" class=\"wpcf7-form-control wpcf7-text wpcf7-validates-as-required nomecontato\" aria-required=\"true\" aria-invalid=\"false\" placeholder=\"Digite seu nome*\" value=\"\" type=\"text\" name=\"NomeEmpresa\" \/><\/span>\n\t<\/p>\n\t<p><label>E-mail*<\/label><br \/>\n<span class=\"wpcf7-form-control-wrap\" data-name=\"EmailContato\"><input size=\"40\" maxlength=\"400\" class=\"wpcf7-form-control wpcf7-email wpcf7-validates-as-required wpcf7-text wpcf7-validates-as-email emailcontato\" aria-required=\"true\" aria-invalid=\"false\" placeholder=\"Digite o e-mail*\" value=\"\" type=\"email\" name=\"EmailContato\" \/><\/span>\n\t<\/p>\n\t<p><label>Telephone*<\/label><br \/>\n<span class=\"wpcf7-form-control-wrap\" data-name=\"Telefone\"><input size=\"40\" maxlength=\"400\" class=\"wpcf7-form-control wpcf7-tel wpcf7-validates-as-required wpcf7-text wpcf7-validates-as-tel Whatsapp\" aria-required=\"true\" aria-invalid=\"false\" placeholder=\"Digite o Whatsapp*\" value=\"\" type=\"tel\" name=\"Telefone\" \/><\/span>\n\t<\/p>\n\t<p><label>N\u00b0 da OP*<\/label><br \/>\n<span class=\"wpcf7-form-control-wrap\" data-name=\"nOP\"><input size=\"40\" maxlength=\"400\" class=\"wpcf7-form-control wpcf7-text wpcf7-validates-as-required nomeproduto\" aria-required=\"true\" aria-invalid=\"false\" placeholder=\"Digite o nome do produto*\" value=\"\" type=\"text\" name=\"nOP\" \/><\/span>\n\t<\/p>\n\t<p><label>Etapa da n\u00e3o-conformidade*<\/label><br \/>\n<span class=\"wpcf7-form-control-wrap\" data-name=\"etapa\"><input size=\"40\" maxlength=\"400\" class=\"wpcf7-form-control wpcf7-text wpcf7-validates-as-required etapa\" aria-required=\"true\" aria-invalid=\"false\" placeholder=\"Digite uma data ou prazo para conclus\u00e3o*\" value=\"\" type=\"text\" name=\"etapa\" \/><\/span>\n\t<\/p>\n\t<p><label>Quantidade*<\/label><br \/>\n<span class=\"wpcf7-form-control-wrap\" data-name=\"qualtidade\"><input size=\"40\" maxlength=\"400\" class=\"wpcf7-form-control wpcf7-text wpcf7-validates-as-required\" aria-required=\"true\" aria-invalid=\"false\" placeholder=\"Digite a quantidade de n\u00e3o conforme\" value=\"\" type=\"text\" name=\"qualtidade\" \/><\/span>\n\t<\/p>\n\t<p><label>Anexo de evid\u00eancias<\/label><br \/>\n<span class=\"wpcf7-form-control-wrap\" data-name=\"arquivo\"><input size=\"40\" class=\"wpcf7-form-control wpcf7-file\" accept=\"audio\/*,video\/*,image\/*\" aria-invalid=\"false\" type=\"file\" name=\"arquivo\" \/><\/span>\n\t<\/p>\n\t<p><label>Situa\u00e7\u00e3o do lote*<\/label><br \/>\n<span class=\"wpcf7-form-control-wrap\" data-name=\"lote\"><input size=\"40\" maxlength=\"400\" class=\"wpcf7-form-control wpcf7-text wpcf7-validates-as-required endereco\" aria-required=\"true\" aria-invalid=\"false\" placeholder=\"Informe a situa\u00e7\u00e3o do lote\" value=\"\" type=\"text\" name=\"lote\" \/><\/span>\n\t<\/p>\n\t<p><label>Descri\u00e7\u00e3o da ocorr\u00eancia<\/label><br \/>\n<span class=\"wpcf7-form-control-wrap\" data-name=\"descricao\"><textarea cols=\"40\" rows=\"10\" maxlength=\"2000\" class=\"wpcf7-form-control wpcf7-textarea\" aria-invalid=\"false\" placeholder=\"Informe o cororrido\" name=\"descricao\"><\/textarea><\/span>\n\t<\/p>\n\t<p><input class=\"wpcf7-form-control wpcf7-submit has-spinner btnsend\" type=\"submit\" value=\"Send\" \/>\n\t<\/p>\n<\/div><div class=\"wpcf7-response-output\" aria-hidden=\"true\"><\/div>\n<input type=\"hidden\" name=\"trp-form-language\" value=\"en\"\/><\/form>\n<\/div>\n<\/div>\n\t\t\t\t\t\t<\/div>\n\t\t\t\t<\/div>\n\t\t\t\t\t<\/div>\n\t\t<\/div>\n\t\t\t\t<div class=\"elementor-column elementor-col-33 elementor-inner-column elementor-element elementor-element-57b5c9a\" data-id=\"57b5c9a\" data-element_type=\"column\" data-e-type=\"column\">\n\t\t\t<div class=\"elementor-widget-wrap\">\n\t\t\t\t\t\t\t<\/div>\n\t\t<\/div>\n\t\t\t\t\t<\/div>\n\t\t<\/section>\n\t\t\t\t\t<\/div>\n\t\t<\/div>\n\t\t\t\t\t<\/div>\n\t\t<\/section>\n\t\t\t\t<section class=\"elementor-section elementor-top-section elementor-element elementor-element-dfcb57b elementor-section-full_width elementor-section-height-default elementor-section-height-default\" data-id=\"dfcb57b\" data-element_type=\"section\" data-e-type=\"section\">\n\t\t\t\t\t\t<div class=\"elementor-container elementor-column-gap-no\">\n\t\t\t\t\t<div class=\"elementor-column elementor-col-100 elementor-top-column elementor-element elementor-element-0644c6e\" data-id=\"0644c6e\" data-element_type=\"column\" data-e-type=\"column\">\n\t\t\t<div class=\"elementor-widget-wrap elementor-element-populated\">\n\t\t\t\t\t\t<div class=\"elementor-element elementor-element-edae73b elementor-widget__width-inherit elementor-widget elementor-widget-google_maps\" data-id=\"edae73b\" data-element_type=\"widget\" data-e-type=\"widget\" data-widget_type=\"google_maps.default\">\n\t\t\t\t<div class=\"elementor-widget-container\">\n\t\t\t\t\t\t\t<div class=\"elementor-custom-embed\">\n\t\t\t<iframe loading=\"lazy\"\n\t\t\t\t\tsrc=\"https:\/\/maps.google.com\/maps?q=Av.%20Major%20Pinheiro%20Fr%C3%B3es%2C%202300&#038;t=m&#038;z=10&#038;output=embed&#038;iwloc=near\"\n\t\t\t\t\ttitle=\"Av. Major Pinheiro Fr\u00f3es, 2300\"\n\t\t\t\t\taria-label=\"Av. Major Pinheiro Fr\u00f3es, 2300\"\n\t\t\t><\/iframe>\n\t\t<\/div>\n\t\t\t\t\t\t<\/div>\n\t\t\t\t<\/div>\n\t\t\t\t\t<\/div>\n\t\t<\/div>\n\t\t\t\t\t<\/div>\n\t\t<\/section>\n\t\t\t\t<\/div>","protected":false},"excerpt":{"rendered":"<p>Registro de n\u00e3o conformidade N\u00f3s valorizamos muito o feedback de nossos clientes e colaboradores, pois sabemos que \u00e9 atrav\u00e9s dele que podemos aprimorar nossos produtos e servi\u00e7os. Por isso, encorajamos voc\u00ea a utilizar este formul\u00e1rio para registrar qualquer problema ou inconformidade que tenha identificado.<\/p>","protected":false},"author":4,"featured_media":0,"parent":0,"menu_order":0,"comment_status":"closed","ping_status":"closed","template":"elementor_header_footer","meta":{"_eb_attr":"","footnotes":""},"class_list":["post-197","page","type-page","status-publish","hentry"],"_links":{"self":[{"href":"https:\/\/emibra.com.br\/en\/wp-json\/wp\/v2\/pages\/197","targetHints":{"allow":["GET"]}}],"collection":[{"href":"https:\/\/emibra.com.br\/en\/wp-json\/wp\/v2\/pages"}],"about":[{"href":"https:\/\/emibra.com.br\/en\/wp-json\/wp\/v2\/types\/page"}],"author":[{"embeddable":true,"href":"https:\/\/emibra.com.br\/en\/wp-json\/wp\/v2\/users\/4"}],"replies":[{"embeddable":true,"href":"https:\/\/emibra.com.br\/en\/wp-json\/wp\/v2\/comments?post=197"}],"version-history":[{"count":0,"href":"https:\/\/emibra.com.br\/en\/wp-json\/wp\/v2\/pages\/197\/revisions"}],"wp:attachment":[{"href":"https:\/\/emibra.com.br\/en\/wp-json\/wp\/v2\/media?parent=197"}],"curies":[{"name":"wp","href":"https:\/\/api.w.org\/{rel}","templated":true}]}}