{"id":3,"date":"2023-01-27T09:45:06","date_gmt":"2023-01-27T12:45:06","guid":{"rendered":"https:\/\/devsweb.com.br\/wp-install-full\/?page_id=3"},"modified":"2023-09-26T11:37:15","modified_gmt":"2023-09-26T14:37:15","slug":"politica-de-privacidade","status":"publish","type":"page","link":"https:\/\/emibra.com.br\/en\/politica-de-privacidade\/","title":{"rendered":"Pol\u00edtica de privacidade"},"content":{"rendered":"<div data-elementor-type=\"wp-page\" data-elementor-id=\"3\" class=\"elementor elementor-3\" data-elementor-post-type=\"page\">\n\t\t\t\t\t\t<section class=\"elementor-section elementor-top-section elementor-element elementor-element-60bccad5 elementor-section-boxed elementor-section-height-default elementor-section-height-default\" data-id=\"60bccad5\" data-element_type=\"section\" data-e-type=\"section\">\n\t\t\t\t\t\t<div class=\"elementor-container elementor-column-gap-default\">\n\t\t\t\t\t<div class=\"elementor-column elementor-col-100 elementor-top-column elementor-element elementor-element-5d5dd475\" data-id=\"5d5dd475\" data-element_type=\"column\" data-e-type=\"column\">\n\t\t\t<div class=\"elementor-widget-wrap elementor-element-populated\">\n\t\t\t\t\t\t<div class=\"elementor-element elementor-element-248a4c73 elementor-widget elementor-widget-text-editor\" data-id=\"248a4c73\" data-element_type=\"widget\" data-e-type=\"widget\" data-widget_type=\"text-editor.default\">\n\t\t\t\t<div class=\"elementor-widget-container\">\n\t\t\t\t\t\t\t\t\t<p><\/p>\n<p>Este site \u00e9 mantido e operado por EMIBRA IND\u00daSTRIA E COM\u00c9RCIO DE EMBALAGENS.<\/p>\n<p>N\u00f3s coletamos e utilizados alguns dados pessoais que pertencem \u00e0queles que utilizam nosso\u00a0site. Ao faz\u00ea-lo, agimos na qualidade de controlador desses dados e estamos sujeitos \u00e0s\u00a0disposi\u00e7\u00f5es da Lei Federal n\u00ba 13.709\/2018 (Lei Geral de Prote\u00e7\u00e3o de Dados Pessoais \u2013 LGPD).<\/p>\n<p>N\u00f3s cuidamos da prote\u00e7\u00e3o de seus dados pessoais e, por isso, disponibilizamos esta pol\u00edtica\u00a0privacidade, que cont\u00e9m informa\u00e7\u00f5es relevantes sobre:<\/p>\n<p>\u2013 Quem deve utilizar nosso site;<\/p>\n<p>\u2013 Quais dados coletamos e o que fazemos com eles;<\/p>\n<p>-Seus direitos em rela\u00e7\u00e3o aos seus dados pessoais; e<\/p>\n<p>\u2013 Como entrar em contato conosco.<\/p>\n<p><strong>1 \u2013 QUEM DEVE UTILIZAR O SITE<\/strong><br \/>Nosso site s\u00f3 deve ser utilizado por pessoas com mais de dezoito anos de idade. Crian\u00e7as e\u00a0adolescentes n\u00e3o dever\u00e3o utiliz\u00e1-lo.<\/p>\n<p><strong>2- DADOS QUE COLETAMOS E MOTIVOS DA COLETA<\/strong><br \/>Nosso site coleta e utiliza alguns dados pessoais de nossos usu\u00e1rios, de acordo com o disposto\u00a0nesta se\u00e7\u00e3o.<\/p>\n<p><strong>A \u2013 Dados pessoais fornecidos expressamente pelo usu\u00e1rio<\/strong><\/p>\n<p>N\u00f3s coletamos o seguintes dados pessoais que nossos usu\u00e1rios nos fornecem expressamente\u00a0ao utilizar nosso site:<\/p>\n<p>\u2013 Nome Completo;<\/p>\n<p>\u2013 E-mail;<\/p>\n<p>\u2013 Telefone fixo;<\/p>\n<p>\u2013 Telefone Celular;<\/p>\n<p>A coleta desses dados ocorre quando o usu\u00e1rio utiliza o formul\u00e1rio de Contato.<\/p>\n<p>Os dados fornecidos s\u00e3o coletados com as seguintes finalidades: Cadastro de Fornecedores,\u00a0Registro de n\u00e3o conformidade, envio de curr\u00edculo (\u201cTrabalhe Conosco\u201d) e Contato para\u00a0assuntos diversos.<\/p>\n<p><strong>B- Dados sens\u00edveis<\/strong><\/p>\n<p>N\u00e3o ser\u00e3o coletados dados sens\u00edveis de nossos usu\u00e1rios, assim entendidos aqueles definidos\u00a0nos arts. 11 e seguintes da Lei de Prote\u00e7\u00e3o de Dados Pessoais.<\/p>\n<p>Assim, n\u00e3o haver\u00e1 coleta de dados sobre origem racial ou \u00e9tnica, convic\u00e7\u00e3o religiosa, opini\u00e3o\u00a0pol\u00edtica, filia\u00e7\u00e3o a sindicato ou a organiza\u00e7\u00e3o de car\u00e1ter religioso, filos\u00f3fico ou pol\u00edtico, dado\u00a0referente \u00e0 sa\u00fade ou vida sexual, dado gen\u00e9tico ou biom\u00e9trico, quando vinculado a uma\u00a0pessoa natural.<\/p>\n<p><strong>3 \u2013 COMPARTILHAMENTO DE DADOS PESSOAIS COM TERCEIROS<\/strong><\/p>\n<p>N\u00f3s n\u00e3o compartilhamos seus dados pessoais com terceiros. Apesar disso, \u00e9 poss\u00edvel que o\u00a0fa\u00e7amos para cumprir alguma determina\u00e7\u00e3o legal ou regulat\u00f3ria, ou ainda para cumprir\u00a0alguma ordem expedida por autoridade p\u00fablica.<\/p>\n<p><strong>4- POR QUANTO TEMPO SEUS DADOS PESSOAIS SER\u00c3O ARMAZENADOS<\/strong><\/p>\n<p>Os dados pessoais coletados pelo site ser\u00e3o armazenados e utilizados por per\u00edodo de tempo\u00a0que corresponda ao necess\u00e1rio para atingir as finalidades elencadas neste documento e que\u00a0considere os direitos de seus titulares, os direitos do controlador do site e as disposi\u00e7\u00e3o legais\u00a0ou regulat\u00f3rias aplic\u00e1veis.<\/p>\n<p>Uma vez expirados os per\u00edodos de armazenamento dos dados pessoais, eles s\u00e3o removidos de\u00a0nossas bases de dados ou anonimizados, salvo nos casos em que houver possibilidade ou a\u00a0necessidade de armazenamento em virtude de disposi\u00e7\u00e3o legal ou regulat\u00f3ria.<\/p>\n<p><strong>5- BASES LEGAIS PARA O TRATAMENTO DE DADOS PESSOAIS<\/strong><\/p>\n<p>Uma base legal para o tratamento de dados pessoais nada mais \u00e9 que o fundamento jur\u00eddico\u00a0previsto em lei. Assim, cada opera\u00e7\u00e3o de tratamento de dados pessoais precisa ter uma base\u00a0legal a ela correspondente.<\/p>\n<p>N\u00f3s tratamos os dados pessoais de nossos usu\u00e1rios nas seguintes hip\u00f3teses:<\/p>\n<p>\u2013 para exerc\u00edcio regular de direitos em processo judicial, administrativo ou arbitral;<\/p>\n<p>\u2013 quando necess\u00e1rio para atender aos interesses leg\u00edtimos do controlador ou de terceiro;<\/p>\n<p><strong>A \u2013 Leg\u00edtimo Interesse<\/strong><\/p>\n<p>Para determinadas opera\u00e7\u00f5es de tratamento de dados pessoais, nos baseamos exclusivamente\u00a0em nosso interesse leg\u00edtimo. Para saber mais sobre em quais casos, especificamente, nos\u00a0valemos desta base legal, ou para obter mais informa\u00e7\u00f5es sobre os testes que fazemos para\u00a0termos certeza de que podemos utiliz\u00e1-la, entre em contato com nosso Encarregado de\u00a0Prote\u00e7\u00e3o de Dados Pessoais por algum dos canais informados nesta Pol\u00edtica de Privacidade, na\u00a0se\u00e7\u00e3o \u201cComo entrar em contato conosco\u201d.<\/p>\n<p><strong>6- DIREITOS DO USU\u00c1RIO<\/strong><\/p>\n<p>O usu\u00e1rio do site possui os seguintes direitos, conferidos pela Lei de Prote\u00e7\u00e3o de Dados\u00a0Pessoais:<\/p>\n<p>-confirma\u00e7\u00e3o da exist\u00eancia de tratamento;<\/p>\n<p>-acesso aos dados;<\/p>\n<p>-corre\u00e7\u00e3o de dados incompletos, inexatos ou desatualizados;<\/p>\n<p>-anonimiza\u00e7\u00e3o, bloqueio e elimina\u00e7\u00e3o de dados desnecess\u00e1rios, excessivos ou tratados em\u00a0desconformidade com o disposto na lei;<\/p>\n<p>\u2013 portabilidade dos dados a outro fornecedor de servi\u00e7o ou produto, mediante requisi\u00e7\u00e3o\u00a0expressa, de acordo com a regulamenta\u00e7\u00e3o da autoridade nacional, observados os segredos\u00a0comercial e industrial;<\/p>\n<p>-elimina\u00e7\u00e3o dos dados pessoais tratados com o consentimento do titular, exceto nos casos\u00a0previstos em lei;<\/p>\n<p>\u2013 informa\u00e7\u00e3o das entidades p\u00fablicas e privadas com as quais o controlador realizou uso\u00a0compartilhado de dados;<\/p>\n<p>-informa\u00e7\u00e3o sobre a possibilidade de n\u00e3o fornecer consentimento e sobre as consequ\u00eancias da\u00a0negativa.<\/p>\n<p>-revoga\u00e7\u00e3o do consentimento;\u00a0Destaca-se que nos termos da LGPD, n\u00e3o existe um direito de elimina\u00e7\u00e3o de dados tratados\u00a0com fundamento em bases legais distintas do consentimento, a menos que os dados sejam\u00a0desnecess\u00e1rios, excessivos ou tratados em desconformidade com o previsto na lei.<\/p>\n<p><strong>A- Como o titular pode exercer seus direitos<\/strong><\/p>\n<p>Para garantir que o usu\u00e1rio que pretende exercer seus direitos \u00e9, de fato, o titular dos dados\u00a0pessoais objeto da requisi\u00e7\u00e3o, poderemos solicitar documentos ou outras informa\u00e7\u00f5es que\u00a0possam auxiliar em sua correta identifica\u00e7\u00e3o, a fim de resguardar nossos direitos e os direitos\u00a0de terceiros. Isto somente ser\u00e1 feito se for absolutamente necess\u00e1rio e o requerente receber\u00e1\u00a0todas as informa\u00e7\u00f5es relacionadas.<\/p>\n<p><strong>7- MEDIDAS DE SEGURAN\u00c7A NO TRATAMENTO DE DADOS PESSOAIS<\/strong><\/p>\n<p>Empregamos medidas t\u00e9cnicas e organizativas aptas a proteger os dados pessoais de acessos\u00a0n\u00e3o autorizados e de situa\u00e7\u00f5es de destrui\u00e7\u00e3o, perda extravio ou altera\u00e7\u00e3o desses dados.<\/p>\n<p>As medidas que utilizamos levam em considera\u00e7\u00e3o a natureza dos dados, o contexto e\u00a0finalidade do tratamento, os riscos que uma eventual viola\u00e7\u00e3o geraria para os direitos e\u00a0liberdades do usu\u00e1rio e os padr\u00f5es atualmente empregados no mercado por empresas\u00a0semelhantes \u00e0 nossa.<\/p>\n<p>Entre as medidas de seguran\u00e7a adotadas, destacamos as seguintes:<\/p>\n<p>\u2013 Os dados s\u00e3o armazenados em ambiente seguro;<\/p>\n<p>\u2013 Limitamos o acesso aos dados de nossos usu\u00e1rios de modo que terceiros n\u00e3o autorizados n\u00e3o<br \/>possam acess\u00e1-los;<\/p>\n<p>\u2013 Utilizamos o certificado SSL (Secure Socket Layer) de modo que a transmiss\u00e3o de dados entre\u00a0os dispositivos dos usu\u00e1rios e nossos servidores aconte\u00e7a de forma criptografada.<\/p>\n<p>\u2013 Mantemos registros de todos aqueles que t\u00eam de alguma forma, contato com nossos dados.<\/p>\n<p>Ainda que adote tudo o que est\u00e1 ao seu alcance para evitar incidentes de seguran\u00e7a, \u00e9 poss\u00edvel\u00a0que ocorra algum problema motivado exclusivamente por um terceiro, como em caso de\u00a0ataques de hackers ou ainda, em caso de culpa exclusiva do usu\u00e1rio, que ocorre, por exemplo,\u00a0quando ele mesmo transfere seus dados a terceiro. Assim, embora sejamos, em geral,\u00a0respons\u00e1veis pelos dados pessoais que tratamos, nos eximimos de responsabilidade caso\u00a0ocorra uma situa\u00e7\u00e3o excepcional como essas, sobre as quais n\u00e3o temos nenhum tipo de\u00a0controle.<\/p>\n<p>De qualquer forma, caso ocorra qualquer tipo de incidente de seguran\u00e7a que possa gerar risco\u00a0ou dano relevante para qualquer de nossos usu\u00e1rios, comunicaremos os afetados a Autoridade\u00a0Nacional de Prote\u00e7\u00e3o de Dados acerca do ocorrido, em conformidade com o disposto na Lei\u00a0Geral de Prote\u00e7\u00e3o de Dados.<\/p>\n<p><strong>8- ALTERA\u00c7\u00d5ES NESSA POL\u00cdTICA<\/strong><\/p>\n<p>A presente vers\u00e3o desta pol\u00edtica de Privacidade foi atualizada pela \u00faltima vez em 28\/10\/2020.<\/p>\n<p>Reservamos-nos o direito de modificar a qualquer momento a presente pol\u00edtica, especialmente\u00a0para adapta\u00e7\u00e3o \u00e0s altera\u00e7\u00f5es feitas em nosso site, seja pela disponibiliza\u00e7\u00e3o de novas fun\u00e7\u00f5es,\u00a0seja pela supress\u00e3o ou modifica\u00e7\u00e3o daquelas j\u00e1 existentes.<\/p>\n<p>Sempre que houver modifica\u00e7\u00e3o os usu\u00e1rios ser\u00e3o notificados.<\/p>\n<p><strong>9- COMO ENTRAR EM CONTATO CONOSCO<\/strong><\/p>\n<p>Para esclarecer quaisquer d\u00favidas sobre esta Pol\u00edtica de Privacidade ou sobre os dados\u00a0pessoais que tratamos, entre em contato com nosso Encarregado de Prote\u00e7\u00e3o de Dados\u00a0Pessoais, por algum dos canais mencionados abaixo:<\/p>\n<p>E-mail: lucio.tanikawa@emibra.com.br<\/p>\n<p><\/p>\t\t\t\t\t\t\t\t<\/div>\n\t\t\t\t<\/div>\n\t\t\t\t\t<\/div>\n\t\t<\/div>\n\t\t\t\t\t<\/div>\n\t\t<\/section>\n\t\t\t\t<\/div>","protected":false},"excerpt":{"rendered":"<p>Este site \u00e9 mantido e operado por EMIBRA IND\u00daSTRIA E COM\u00c9RCIO DE EMBALAGENS. N\u00f3s coletamos e utilizados alguns dados pessoais que pertencem \u00e0queles que utilizam nosso\u00a0site. Ao faz\u00ea-lo, agimos na qualidade de controlador desses dados e estamos sujeitos \u00e0s\u00a0disposi\u00e7\u00f5es da Lei Federal n\u00ba 13.709\/2018 (Lei Geral de Prote\u00e7\u00e3o de Dados Pessoais \u2013 LGPD). N\u00f3s cuidamos [&hellip;]<\/p>\n","protected":false},"author":4,"featured_media":0,"parent":0,"menu_order":0,"comment_status":"closed","ping_status":"closed","template":"elementor_header_footer","meta":{"_eb_attr":"","footnotes":""},"class_list":["post-3","page","type-page","status-publish","hentry"],"_links":{"self":[{"href":"https:\/\/emibra.com.br\/en\/wp-json\/wp\/v2\/pages\/3","targetHints":{"allow":["GET"]}}],"collection":[{"href":"https:\/\/emibra.com.br\/en\/wp-json\/wp\/v2\/pages"}],"about":[{"href":"https:\/\/emibra.com.br\/en\/wp-json\/wp\/v2\/types\/page"}],"author":[{"embeddable":true,"href":"https:\/\/emibra.com.br\/en\/wp-json\/wp\/v2\/users\/4"}],"replies":[{"embeddable":true,"href":"https:\/\/emibra.com.br\/en\/wp-json\/wp\/v2\/comments?post=3"}],"version-history":[{"count":0,"href":"https:\/\/emibra.com.br\/en\/wp-json\/wp\/v2\/pages\/3\/revisions"}],"wp:attachment":[{"href":"https:\/\/emibra.com.br\/en\/wp-json\/wp\/v2\/media?parent=3"}],"curies":[{"name":"wp","href":"https:\/\/api.w.org\/{rel}","templated":true}]}}